{"id":440,"date":"2026-03-31T23:07:21","date_gmt":"2026-04-01T04:07:21","guid":{"rendered":"https:\/\/saludconmaca.com\/?page_id=440"},"modified":"2026-04-09T17:45:56","modified_gmt":"2026-04-09T22:45:56","slug":"quienes-somos","status":"publish","type":"page","link":"https:\/\/saludconmaca.com\/index.php\/quienes-somos\/","title":{"rendered":"Qui\u00e9nes Somos"},"content":{"rendered":"\t\t<div data-elementor-type=\"wp-page\" data-elementor-id=\"440\" class=\"elementor elementor-440\" data-elementor-post-type=\"page\">\n\t\t\t\t<div class=\"elementor-element elementor-element-941b77b e-flex e-con-boxed e-con e-parent\" data-id=\"941b77b\" data-element_type=\"container\" data-e-type=\"container\" data-settings=\"{&quot;background_background&quot;:&quot;classic&quot;}\">\n\t\t\t\t\t<div class=\"e-con-inner\">\n\t\t\t\t<div class=\"elementor-element elementor-element-d72cff4 elementor-widget elementor-widget-heading\" data-id=\"d72cff4\" data-element_type=\"widget\" data-e-type=\"widget\" data-widget_type=\"heading.default\">\n\t\t\t\t\t<h2 class=\"elementor-heading-title elementor-size-default\">Qui\u00e9nes Somos<\/h2>\t\t\t\t<\/div>\n\t\t\t\t\t<\/div>\n\t\t\t\t<\/div>\n\t\t<div class=\"elementor-element elementor-element-0fc9623 e-flex e-con-boxed e-con e-parent\" data-id=\"0fc9623\" data-element_type=\"container\" data-e-type=\"container\" data-settings=\"{&quot;background_background&quot;:&quot;classic&quot;}\">\n\t\t\t\t\t<div class=\"e-con-inner\">\n\t\t\t\t<div class=\"elementor-element elementor-element-e43d9d5 elementor-widget elementor-widget-text-editor\" data-id=\"e43d9d5\" data-element_type=\"widget\" data-e-type=\"widget\" data-widget_type=\"text-editor.default\">\n\t\t\t\t\t\t\t\t\t<p><span style=\"font-weight: 400;\"><strong>Alrova, Maca de Berl\u00edn,<\/strong> es una empresa que nace del compromiso con la agroecolog\u00eda y la producci\u00f3n sostenible en el p\u00e1ramo de Berl\u00edn. Fue fundada el 4 de junio de 2019 por don <\/span><b>Al<\/b><span style=\"font-weight: 400;\">fonso <\/span><b>Ro<\/b><span style=\"font-weight: 400;\">dr\u00edguez <\/span><b>Va<\/b><span style=\"font-weight: 400;\">negas, como una evoluci\u00f3n de su trayectoria iniciada en 2005 con Ecol\u00f3gicos de Berl\u00edn, una iniciativa orientada a desarrollar cultivos bajo criterios agroecol\u00f3gicos y a incorporar procesos de transformaci\u00f3n que generaran valor agregado, mejoraran los ingresos y respondieran a la creciente demanda de productos saludables y libres de agroqu\u00edmicos.<\/span><\/p><p><span style=\"font-weight: 400;\">En 2011, como parte de esta visi\u00f3n, se incursion\u00f3 en la producci\u00f3n de harina de maca, un producto reconocido a nivel internacional por su alto valor nutricional y favorecido por las condiciones clim\u00e1ticas del p\u00e1ramo. Esta decisi\u00f3n estrat\u00e9gica permiti\u00f3 a la empresa integrarse al mercado de los suplementos alimenticios y la salud natural, diversificando sus ingresos y fortaleciendo su modelo de negocio.<\/span><\/p><p><span style=\"font-weight: 400;\">A partir de 2025, Alrova se fortalece con la incorporaci\u00f3n de un equipo interdisciplinario que respalda el proceso productivo, promoviendo la estandarizaci\u00f3n, el cumplimiento de criterios de negocios verdes y el posicionamiento comercial. As\u00ed, la empresa trabaja para que m\u00e1s personas en Colombia accedan a este superalimento y a sus m\u00faltiples beneficios, manteniendo siempre su esencia agroecol\u00f3gica y su compromiso con el territorio.<\/span><\/p>\t\t\t\t\t\t\t\t<\/div>\n\t\t\t\t\t<\/div>\n\t\t\t\t<\/div>\n\t\t<div class=\"elementor-element elementor-element-5ee935b e-flex e-con-boxed e-con e-parent\" data-id=\"5ee935b\" data-element_type=\"container\" data-e-type=\"container\" data-settings=\"{&quot;background_background&quot;:&quot;classic&quot;}\">\n\t\t\t\t\t<div class=\"e-con-inner\">\n\t\t<div class=\"elementor-element elementor-element-dc25349 e-con-full e-flex e-con e-child\" data-id=\"dc25349\" data-element_type=\"container\" data-e-type=\"container\">\n\t\t\t\t<div class=\"elementor-element elementor-element-de6d2d6 elementor-widget elementor-widget-heading\" data-id=\"de6d2d6\" data-element_type=\"widget\" data-e-type=\"widget\" data-widget_type=\"heading.default\">\n\t\t\t\t\t<h2 class=\"elementor-heading-title elementor-size-default\">Nuestro Equipo<\/h2>\t\t\t\t<\/div>\n\t\t\t\t<\/div>\n\t\t<div class=\"elementor-element elementor-element-f02b772 e-con-full e-flex e-con e-child\" data-id=\"f02b772\" data-element_type=\"container\" data-e-type=\"container\">\n\t\t\t\t<div class=\"elementor-element elementor-element-63f1f64 elementor-widget elementor-widget-elementskit-image-box\" data-id=\"63f1f64\" data-element_type=\"widget\" data-e-type=\"widget\" data-widget_type=\"elementskit-image-box.default\">\n\t\t\t\t\t<div class=\"ekit-wid-con\" >\n            <div class=\"elementskit-info-image-box ekit-image-box text-center floating-style\" >\n\n                \n                <div class=\"elementskit-box-header image-box-img-center\">\n\n                    <img fetchpriority=\"high\" decoding=\"async\" width=\"400\" height=\"300\" src=\"https:\/\/saludconmaca.com\/wp-content\/uploads\/2026\/03\/PERFIL-ALFONSO_ok2.png\" class=\"attachment-full size-full wp-image-464\" alt=\"\" srcset=\"https:\/\/saludconmaca.com\/wp-content\/uploads\/2026\/03\/PERFIL-ALFONSO_ok2.png 400w, https:\/\/saludconmaca.com\/wp-content\/uploads\/2026\/03\/PERFIL-ALFONSO_ok2-300x225.png 300w\" sizes=\"(max-width: 400px) 100vw, 400px\" \/>\n                <\/div>\n                \n                <div class=\"elementskit-box-body ekit-image-box-body\">\n                    <div class=\"elementskit-box-content ekit-image-box-body-inner\">\n                                                <h3 class=\"elementskit-info-box-title\">\n\n                        Alfonso Rodr\u00edguez Vanegas\n                        \n                    <\/h3>\n                                                            <div class=\"elementskit-box-style-content\">\n                        Es un destacado agricultor y emprendedor colombiano, originario del departamento de Santander. Se ha consolidado como un referente y pionero en la producci\u00f3n agroecol\u00f3gica y la transformaci\u00f3n de cultivos de alta monta\u00f1a en el corregimiento de Berl\u00edn, municipio de Tona. Su labor profesional se distingue por una profunda vocaci\u00f3n hacia la innovaci\u00f3n y la sostenibilidad, operando en uno de los ecosistemas m\u00e1s fr\u00e1giles, estrat\u00e9gicos y valiosos de Colombia: el P\u00e1ramo de Berl\u00edn. A trav\u00e9s de su visi\u00f3n, ha logrado demostrar que es posible generar desarrollo econ\u00f3mico rural respetando rigurosamente el equilibrio medioambiental.\nCon una trayectoria que abarca aproximadamente 20 a\u00f1os dedicados a la investigaci\u00f3n emp\u00edrica y la producci\u00f3n ecol\u00f3gica, Alfonso ha transformado los desaf\u00edos del campo en oportunidades de negocio.                     <\/div>\n                                    <\/div>\n\n                            <\/div>\n            <\/div>\n    <\/div>\t\t\t\t<\/div>\n\t\t\t\t<\/div>\n\t\t<div class=\"elementor-element elementor-element-7462917 e-con-full e-flex e-con e-child\" data-id=\"7462917\" data-element_type=\"container\" data-e-type=\"container\">\n\t\t\t\t<div class=\"elementor-element elementor-element-07eaa32 elementor-widget elementor-widget-elementskit-image-box\" data-id=\"07eaa32\" data-element_type=\"widget\" data-e-type=\"widget\" data-widget_type=\"elementskit-image-box.default\">\n\t\t\t\t\t<div class=\"ekit-wid-con\" >\n            <div class=\"elementskit-info-image-box ekit-image-box text-center floating-style\" >\n\n                \n                <div class=\"elementskit-box-header image-box-img-center\">\n\n                    <img fetchpriority=\"high\" decoding=\"async\" width=\"400\" height=\"300\" src=\"https:\/\/saludconmaca.com\/wp-content\/uploads\/2026\/03\/PERFIL-ALFONSO_ok2.png\" class=\"attachment-full size-full wp-image-464\" alt=\"\" srcset=\"https:\/\/saludconmaca.com\/wp-content\/uploads\/2026\/03\/PERFIL-ALFONSO_ok2.png 400w, https:\/\/saludconmaca.com\/wp-content\/uploads\/2026\/03\/PERFIL-ALFONSO_ok2-300x225.png 300w\" sizes=\"(max-width: 400px) 100vw, 400px\" \/>\n                <\/div>\n                \n                <div class=\"elementskit-box-body ekit-image-box-body\">\n                    <div class=\"elementskit-box-content ekit-image-box-body-inner\">\n                                                <h3 class=\"elementskit-info-box-title\">\n\n                        Alfonso Rodr\u00edguez Vanegas\n                        \n                    <\/h3>\n                                                            <div class=\"elementskit-box-style-content\">\n                        Es un destacado agricultor y emprendedor colombiano, originario del departamento de Santander. Se ha consolidado como un referente y pionero en la producci\u00f3n agroecol\u00f3gica y la transformaci\u00f3n de cultivos de alta monta\u00f1a en el corregimiento de Berl\u00edn, municipio de Tona. Su labor profesional se distingue por una profunda vocaci\u00f3n hacia la innovaci\u00f3n y la sostenibilidad, operando en uno de los ecosistemas m\u00e1s fr\u00e1giles, estrat\u00e9gicos y valiosos de Colombia: el P\u00e1ramo de Berl\u00edn. A trav\u00e9s de su visi\u00f3n, ha logrado demostrar que es posible generar desarrollo econ\u00f3mico rural respetando rigurosamente el equilibrio medioambiental.\nCon una trayectoria que abarca aproximadamente 20 a\u00f1os dedicados a la investigaci\u00f3n emp\u00edrica y la producci\u00f3n ecol\u00f3gica, Alfonso ha transformado los desaf\u00edos del campo en oportunidades de negocio.                     <\/div>\n                                    <\/div>\n\n                            <\/div>\n            <\/div>\n    <\/div>\t\t\t\t<\/div>\n\t\t\t\t<\/div>\n\t\t\t\t\t<\/div>\n\t\t\t\t<\/div>\n\t\t\t\t<\/div>\n\t\t","protected":false},"excerpt":{"rendered":"<p>Qui\u00e9nes Somos Alrova, Maca de Berl\u00edn, es una empresa que nace del compromiso con la agroecolog\u00eda y la producci\u00f3n sostenible en el p\u00e1ramo de Berl\u00edn. Fue fundada el 4 de junio de 2019 por don Alfonso Rodr\u00edguez Vanegas, como una evoluci\u00f3n de su trayectoria iniciada en 2005 con Ecol\u00f3gicos de Berl\u00edn, una iniciativa orientada a [&hellip;]<\/p>\n","protected":false},"author":3,"featured_media":0,"parent":0,"menu_order":0,"comment_status":"closed","ping_status":"closed","template":"elementor_header_footer","meta":{"om_disable_all_campaigns":false,"_monsterinsights_skip_tracking":false,"_monsterinsights_sitenote_active":false,"_monsterinsights_sitenote_note":"","_monsterinsights_sitenote_category":0,"footnotes":""},"class_list":["post-440","page","type-page","status-publish","hentry"],"aioseo_notices":[],"_links":{"self":[{"href":"https:\/\/saludconmaca.com\/index.php\/wp-json\/wp\/v2\/pages\/440","targetHints":{"allow":["GET"]}}],"collection":[{"href":"https:\/\/saludconmaca.com\/index.php\/wp-json\/wp\/v2\/pages"}],"about":[{"href":"https:\/\/saludconmaca.com\/index.php\/wp-json\/wp\/v2\/types\/page"}],"author":[{"embeddable":true,"href":"https:\/\/saludconmaca.com\/index.php\/wp-json\/wp\/v2\/users\/3"}],"replies":[{"embeddable":true,"href":"https:\/\/saludconmaca.com\/index.php\/wp-json\/wp\/v2\/comments?post=440"}],"version-history":[{"count":83,"href":"https:\/\/saludconmaca.com\/index.php\/wp-json\/wp\/v2\/pages\/440\/revisions"}],"predecessor-version":[{"id":768,"href":"https:\/\/saludconmaca.com\/index.php\/wp-json\/wp\/v2\/pages\/440\/revisions\/768"}],"wp:attachment":[{"href":"https:\/\/saludconmaca.com\/index.php\/wp-json\/wp\/v2\/media?parent=440"}],"curies":[{"name":"wp","href":"https:\/\/api.w.org\/{rel}","templated":true}]}}