{"id":193,"date":"2026-03-31T17:22:26","date_gmt":"2026-03-31T22:22:26","guid":{"rendered":"https:\/\/saludconmaca.com\/?page_id=193"},"modified":"2026-04-09T18:25:05","modified_gmt":"2026-04-09T23:25:05","slug":"inicio","status":"publish","type":"page","link":"https:\/\/saludconmaca.com\/","title":{"rendered":"Inicio"},"content":{"rendered":"\t\t<div data-elementor-type=\"wp-page\" data-elementor-id=\"193\" class=\"elementor elementor-193\" data-elementor-post-type=\"page\">\n\t\t\t\t<div class=\"elementor-element elementor-element-bb10fde e-flex e-con-boxed e-con e-parent\" data-id=\"bb10fde\" data-element_type=\"container\" data-e-type=\"container\" data-settings=\"{&quot;background_background&quot;:&quot;classic&quot;}\">\n\t\t\t\t\t<div class=\"e-con-inner\">\n\t\t\t\t\t<\/div>\n\t\t\t\t<\/div>\n\t\t<div class=\"elementor-element elementor-element-e141dc5 e-flex e-con-boxed e-con e-parent\" data-id=\"e141dc5\" data-element_type=\"container\" data-e-type=\"container\" data-settings=\"{&quot;background_background&quot;:&quot;classic&quot;}\">\n\t\t\t\t\t<div class=\"e-con-inner\">\n\t\t<div class=\"elementor-element elementor-element-0ca5faf e-con-full e-flex e-con e-child\" data-id=\"0ca5faf\" data-element_type=\"container\" data-e-type=\"container\">\n\t\t\t\t<div class=\"elementor-element elementor-element-4f5f6ba elementor-position-top elementor-widget elementor-widget-image-box\" data-id=\"4f5f6ba\" data-element_type=\"widget\" data-e-type=\"widget\" data-widget_type=\"image-box.default\">\n\t\t\t\t\t<div class=\"elementor-image-box-wrapper\"><figure class=\"elementor-image-box-img\"><img fetchpriority=\"high\" decoding=\"async\" width=\"331\" height=\"331\" src=\"https:\/\/saludconmaca.com\/wp-content\/uploads\/2026\/03\/1.png\" class=\"attachment-full size-full wp-image-301\" alt=\"\" srcset=\"https:\/\/saludconmaca.com\/wp-content\/uploads\/2026\/03\/1.png 331w, https:\/\/saludconmaca.com\/wp-content\/uploads\/2026\/03\/1-300x300.png 300w, https:\/\/saludconmaca.com\/wp-content\/uploads\/2026\/03\/1-150x150.png 150w, https:\/\/saludconmaca.com\/wp-content\/uploads\/2026\/03\/1-100x100.png 100w\" sizes=\"(max-width: 331px) 100vw, 331px\" \/><\/figure><div class=\"elementor-image-box-content\"><h3 class=\"elementor-image-box-title\">100% agroecol\u00f3gico<\/h3><\/div><\/div>\t\t\t\t<\/div>\n\t\t\t\t<\/div>\n\t\t<div class=\"elementor-element elementor-element-0bd8883 e-con-full e-flex e-con e-child\" data-id=\"0bd8883\" data-element_type=\"container\" data-e-type=\"container\">\n\t\t\t\t<div class=\"elementor-element elementor-element-3f12dd9 elementor-position-top elementor-widget elementor-widget-image-box\" data-id=\"3f12dd9\" data-element_type=\"widget\" data-e-type=\"widget\" data-widget_type=\"image-box.default\">\n\t\t\t\t\t<div class=\"elementor-image-box-wrapper\"><figure class=\"elementor-image-box-img\"><img decoding=\"async\" width=\"332\" height=\"331\" src=\"https:\/\/saludconmaca.com\/wp-content\/uploads\/2026\/03\/2.png\" class=\"attachment-full size-full wp-image-302\" alt=\"\" srcset=\"https:\/\/saludconmaca.com\/wp-content\/uploads\/2026\/03\/2.png 332w, https:\/\/saludconmaca.com\/wp-content\/uploads\/2026\/03\/2-300x300.png 300w, https:\/\/saludconmaca.com\/wp-content\/uploads\/2026\/03\/2-150x150.png 150w, https:\/\/saludconmaca.com\/wp-content\/uploads\/2026\/03\/2-100x100.png 100w\" sizes=\"(max-width: 332px) 100vw, 332px\" \/><\/figure><div class=\"elementor-image-box-content\"><h3 class=\"elementor-image-box-title\">Cultivo de bajo impacto en p\u00e1ramo<\/h3><\/div><\/div>\t\t\t\t<\/div>\n\t\t\t\t<\/div>\n\t\t<div class=\"elementor-element elementor-element-e1b0a63 e-con-full e-flex e-con e-child\" data-id=\"e1b0a63\" data-element_type=\"container\" data-e-type=\"container\">\n\t\t\t\t<div class=\"elementor-element elementor-element-9744205 elementor-position-top elementor-widget elementor-widget-image-box\" data-id=\"9744205\" data-element_type=\"widget\" data-e-type=\"widget\" data-widget_type=\"image-box.default\">\n\t\t\t\t\t<div class=\"elementor-image-box-wrapper\"><figure class=\"elementor-image-box-img\"><img decoding=\"async\" width=\"331\" height=\"331\" src=\"https:\/\/saludconmaca.com\/wp-content\/uploads\/2026\/03\/3.png\" class=\"attachment-full size-full wp-image-303\" alt=\"\" srcset=\"https:\/\/saludconmaca.com\/wp-content\/uploads\/2026\/03\/3.png 331w, https:\/\/saludconmaca.com\/wp-content\/uploads\/2026\/03\/3-300x300.png 300w, https:\/\/saludconmaca.com\/wp-content\/uploads\/2026\/03\/3-150x150.png 150w, https:\/\/saludconmaca.com\/wp-content\/uploads\/2026\/03\/3-100x100.png 100w\" sizes=\"(max-width: 331px) 100vw, 331px\" \/><\/figure><div class=\"elementor-image-box-content\"><h3 class=\"elementor-image-box-title\">Procesos naturales<\/h3><\/div><\/div>\t\t\t\t<\/div>\n\t\t\t\t<\/div>\n\t\t<div class=\"elementor-element elementor-element-c02370a e-con-full e-flex e-con e-child\" data-id=\"c02370a\" data-element_type=\"container\" data-e-type=\"container\">\n\t\t\t\t<div class=\"elementor-element elementor-element-cb5b4b0 elementor-position-top elementor-widget elementor-widget-image-box\" data-id=\"cb5b4b0\" data-element_type=\"widget\" data-e-type=\"widget\" data-widget_type=\"image-box.default\">\n\t\t\t\t\t<div class=\"elementor-image-box-wrapper\"><figure class=\"elementor-image-box-img\"><img loading=\"lazy\" decoding=\"async\" width=\"332\" height=\"331\" src=\"https:\/\/saludconmaca.com\/wp-content\/uploads\/2026\/03\/4.png\" class=\"attachment-full size-full wp-image-304\" alt=\"\" srcset=\"https:\/\/saludconmaca.com\/wp-content\/uploads\/2026\/03\/4.png 332w, https:\/\/saludconmaca.com\/wp-content\/uploads\/2026\/03\/4-300x300.png 300w, https:\/\/saludconmaca.com\/wp-content\/uploads\/2026\/03\/4-150x150.png 150w, https:\/\/saludconmaca.com\/wp-content\/uploads\/2026\/03\/4-100x100.png 100w\" sizes=\"(max-width: 332px) 100vw, 332px\" \/><\/figure><div class=\"elementor-image-box-content\"><h3 class=\"elementor-image-box-title\">Hecho en Colombia<\/h3><\/div><\/div>\t\t\t\t<\/div>\n\t\t\t\t<\/div>\n\t\t\t\t\t<\/div>\n\t\t\t\t<\/div>\n\t\t<div class=\"elementor-element elementor-element-e61c7e1 e-flex e-con-boxed e-con e-parent\" data-id=\"e61c7e1\" data-element_type=\"container\" data-e-type=\"container\" data-settings=\"{&quot;background_background&quot;:&quot;video&quot;,&quot;background_video_link&quot;:&quot;https:\\\/\\\/www.youtube.com\\\/watch?v=I_7cGJYOREs&quot;}\">\n\t\t\t\t\t<div class=\"e-con-inner\">\n\t\t<div class=\"elementor-background-video-container elementor-hidden-mobile\">\n\t\t\t\t\t\t\t<div class=\"elementor-background-video-embed\" role=\"presentation\"><\/div>\n\t\t\t\t\t\t<\/div>\t\t<div class=\"elementor-element elementor-element-71327d0 elementor-widget elementor-widget-heading\" data-id=\"71327d0\" data-element_type=\"widget\" data-e-type=\"widget\" data-widget_type=\"heading.default\">\n\t\t\t\t\t<h2 class=\"elementor-heading-title elementor-size-default\">Una historia que nace del campo<\/h2>\t\t\t\t<\/div>\n\t\t\t\t<div class=\"elementor-element elementor-element-49f3f22 elementor-widget elementor-widget-text-editor\" data-id=\"49f3f22\" data-element_type=\"widget\" data-e-type=\"widget\" data-widget_type=\"text-editor.default\">\n\t\t\t\t\t\t\t\t\t<p>Lo que empez\u00f3 como una soluci\u00f3n a las p\u00e9rdidas agr\u00edcolas, hoy es un modelo de innovaci\u00f3n rural basado en sostenibilidad, ciencia y tradici\u00f3n<\/p>\t\t\t\t\t\t\t\t<\/div>\n\t\t\t\t<div class=\"elementor-element elementor-element-50288d4 elementor-widget elementor-widget-button\" data-id=\"50288d4\" data-element_type=\"widget\" data-e-type=\"widget\" data-widget_type=\"button.default\">\n\t\t\t\t\t\t\t\t\t\t<a class=\"elementor-button elementor-button-link elementor-size-sm\" href=\"https:\/\/saludconmaca.com\/index.php\/quienes-somos\/\">\n\t\t\t\t\t\t<span class=\"elementor-button-content-wrapper\">\n\t\t\t\t\t\t\t\t\t<span class=\"elementor-button-text\">Conoce la historia completa<\/span>\n\t\t\t\t\t<\/span>\n\t\t\t\t\t<\/a>\n\t\t\t\t\t\t\t\t<\/div>\n\t\t\t\t\t<\/div>\n\t\t\t\t<\/div>\n\t\t<div class=\"elementor-element elementor-element-e23cea4 e-flex e-con-boxed e-con e-parent\" data-id=\"e23cea4\" data-element_type=\"container\" data-e-type=\"container\" data-settings=\"{&quot;background_background&quot;:&quot;classic&quot;}\">\n\t\t\t\t\t<div class=\"e-con-inner\">\n\t\t\t\t<div class=\"elementor-element elementor-element-1947918 elementor-widget elementor-widget-heading\" data-id=\"1947918\" data-element_type=\"widget\" data-e-type=\"widget\" data-widget_type=\"heading.default\">\n\t\t\t\t\t<h2 class=\"elementor-heading-title elementor-size-default\">Superalimentos que transforman tu energ\u00eda<\/h2>\t\t\t\t<\/div>\n\t\t\t\t<div class=\"elementor-element elementor-element-3e21634 elementor-widget elementor-widget-button\" data-id=\"3e21634\" data-element_type=\"widget\" data-e-type=\"widget\" data-widget_type=\"button.default\">\n\t\t\t\t\t\t\t\t\t\t<a class=\"elementor-button elementor-button-link elementor-size-sm\" href=\"#\">\n\t\t\t\t\t\t<span class=\"elementor-button-content-wrapper\">\n\t\t\t\t\t\t\t\t\t<span class=\"elementor-button-text\">Ir a la Tienda<\/span>\n\t\t\t\t\t<\/span>\n\t\t\t\t\t<\/a>\n\t\t\t\t\t\t\t\t<\/div>\n\t\t\t\t\t<\/div>\n\t\t\t\t<\/div>\n\t\t<div class=\"elementor-element elementor-element-9e6cf64 e-flex e-con-boxed e-con e-parent\" data-id=\"9e6cf64\" data-element_type=\"container\" data-e-type=\"container\" data-settings=\"{&quot;background_background&quot;:&quot;classic&quot;}\">\n\t\t\t\t\t<div class=\"e-con-inner\">\n\t\t\t\t<div class=\"elementor-element elementor-element-270768a elementor-widget elementor-widget-heading\" data-id=\"270768a\" data-element_type=\"widget\" data-e-type=\"widget\" data-widget_type=\"heading.default\">\n\t\t\t\t\t<h2 class=\"elementor-heading-title elementor-size-default\">Han confiado en nuestro proceso<\/h2>\t\t\t\t<\/div>\n\t\t\t\t<div class=\"elementor-element elementor-element-bbc8967 elementor-arrows-position-inside elementor-pagination-position-outside elementor-widget elementor-widget-image-carousel\" data-id=\"bbc8967\" data-element_type=\"widget\" data-e-type=\"widget\" data-settings=\"{&quot;slides_to_show&quot;:&quot;3&quot;,&quot;slides_to_scroll&quot;:&quot;3&quot;,&quot;navigation&quot;:&quot;both&quot;,&quot;autoplay&quot;:&quot;yes&quot;,&quot;pause_on_hover&quot;:&quot;yes&quot;,&quot;pause_on_interaction&quot;:&quot;yes&quot;,&quot;autoplay_speed&quot;:5000,&quot;infinite&quot;:&quot;yes&quot;,&quot;speed&quot;:500}\" data-widget_type=\"image-carousel.default\">\n\t\t\t\t\t\t\t<div class=\"elementor-image-carousel-wrapper swiper\" role=\"region\" aria-roledescription=\"carousel\" aria-label=\"Carrusel de im\u00e1genes\" dir=\"ltr\">\n\t\t\t<div class=\"elementor-image-carousel swiper-wrapper\" aria-live=\"off\">\n\t\t\t\t\t\t\t\t<div class=\"swiper-slide\" role=\"group\" aria-roledescription=\"slide\" aria-label=\"1 de 3\"><figure class=\"swiper-slide-inner\"><img decoding=\"async\" class=\"swiper-slide-image\" src=\"https:\/\/saludconmaca.com\/wp-content\/uploads\/2026\/03\/LOGO_INSTITUTOHUMBOLDT-150x150.jpg\" alt=\"LOGO_INSTITUTOHUMBOLDT\" \/><\/figure><\/div><div class=\"swiper-slide\" role=\"group\" aria-roledescription=\"slide\" aria-label=\"2 de 3\"><figure class=\"swiper-slide-inner\"><img decoding=\"async\" class=\"swiper-slide-image\" src=\"https:\/\/saludconmaca.com\/wp-content\/uploads\/2026\/03\/senalogo-150x150.png\" alt=\"senalogo\" \/><\/figure><\/div><div class=\"swiper-slide\" role=\"group\" aria-roledescription=\"slide\" aria-label=\"3 de 3\"><figure class=\"swiper-slide-inner\"><img decoding=\"async\" class=\"swiper-slide-image\" src=\"https:\/\/saludconmaca.com\/wp-content\/uploads\/2026\/04\/CDMB-LOGO-1-150x150.jpg\" alt=\"CDMB LOGO 1\" \/><\/figure><\/div>\t\t\t<\/div>\n\t\t\t\t\t\t\t\t\t\t\t\t<div class=\"elementor-swiper-button elementor-swiper-button-prev\" role=\"button\" tabindex=\"0\">\n\t\t\t\t\t\t<svg aria-hidden=\"true\" class=\"e-font-icon-svg e-eicon-chevron-left\" viewBox=\"0 0 1000 1000\" xmlns=\"http:\/\/www.w3.org\/2000\/svg\"><path d=\"M646 125C629 125 613 133 604 142L308 442C296 454 292 471 292 487 292 504 296 521 308 533L604 854C617 867 629 875 646 875 663 875 679 871 692 858 704 846 713 829 713 812 713 796 708 779 692 767L438 487 692 225C700 217 708 204 708 187 708 171 704 154 692 142 675 129 663 125 646 125Z\"><\/path><\/svg>\t\t\t\t\t<\/div>\n\t\t\t\t\t<div class=\"elementor-swiper-button elementor-swiper-button-next\" role=\"button\" tabindex=\"0\">\n\t\t\t\t\t\t<svg aria-hidden=\"true\" class=\"e-font-icon-svg e-eicon-chevron-right\" viewBox=\"0 0 1000 1000\" xmlns=\"http:\/\/www.w3.org\/2000\/svg\"><path d=\"M696 533C708 521 713 504 713 487 713 471 708 454 696 446L400 146C388 133 375 125 354 125 338 125 325 129 313 142 300 154 292 171 292 187 292 204 296 221 308 233L563 492 304 771C292 783 288 800 288 817 288 833 296 850 308 863 321 871 338 875 354 875 371 875 388 867 400 854L696 533Z\"><\/path><\/svg>\t\t\t\t\t<\/div>\n\t\t\t\t\n\t\t\t\t\t\t\t\t\t<div class=\"swiper-pagination\"><\/div>\n\t\t\t\t\t\t\t\t\t<\/div>\n\t\t\t\t\t\t<\/div>\n\t\t\t\t\t<\/div>\n\t\t\t\t<\/div>\n\t\t\t\t<\/div>\n\t\t","protected":false},"excerpt":{"rendered":"<p>100% agroecol\u00f3gico Cultivo de bajo impacto en p\u00e1ramo Procesos naturales Hecho en Colombia Una historia que nace del campo Lo que empez\u00f3 como una soluci\u00f3n a las p\u00e9rdidas agr\u00edcolas, hoy es un modelo de innovaci\u00f3n rural basado en sostenibilidad, ciencia y tradici\u00f3n Conoce la historia completa Superalimentos que transforman tu energ\u00eda Ir a la Tienda [&hellip;]<\/p>\n","protected":false},"author":3,"featured_media":0,"parent":0,"menu_order":0,"comment_status":"closed","ping_status":"closed","template":"elementor_header_footer","meta":{"om_disable_all_campaigns":false,"_monsterinsights_skip_tracking":false,"_monsterinsights_sitenote_active":false,"_monsterinsights_sitenote_note":"","_monsterinsights_sitenote_category":0,"footnotes":""},"class_list":["post-193","page","type-page","status-publish","hentry"],"aioseo_notices":[],"_links":{"self":[{"href":"https:\/\/saludconmaca.com\/index.php\/wp-json\/wp\/v2\/pages\/193","targetHints":{"allow":["GET"]}}],"collection":[{"href":"https:\/\/saludconmaca.com\/index.php\/wp-json\/wp\/v2\/pages"}],"about":[{"href":"https:\/\/saludconmaca.com\/index.php\/wp-json\/wp\/v2\/types\/page"}],"author":[{"embeddable":true,"href":"https:\/\/saludconmaca.com\/index.php\/wp-json\/wp\/v2\/users\/3"}],"replies":[{"embeddable":true,"href":"https:\/\/saludconmaca.com\/index.php\/wp-json\/wp\/v2\/comments?post=193"}],"version-history":[{"count":209,"href":"https:\/\/saludconmaca.com\/index.php\/wp-json\/wp\/v2\/pages\/193\/revisions"}],"predecessor-version":[{"id":791,"href":"https:\/\/saludconmaca.com\/index.php\/wp-json\/wp\/v2\/pages\/193\/revisions\/791"}],"wp:attachment":[{"href":"https:\/\/saludconmaca.com\/index.php\/wp-json\/wp\/v2\/media?parent=193"}],"curies":[{"name":"wp","href":"https:\/\/api.w.org\/{rel}","templated":true}]}}